{"id":4280,"date":"2020-03-10T18:00:47","date_gmt":"2020-03-10T17:00:47","guid":{"rendered":"https:\/\/www.borghisaveri.it\/dynamometer\/fe600-dv\/"},"modified":"2026-04-20T12:29:07","modified_gmt":"2026-04-20T10:29:07","slug":"fe600-dv","status":"publish","type":"product","link":"https:\/\/www.borghisaveri.it\/it\/dynamometer\/fe600-dv\/","title":{"rendered":"FE600 DV"},"content":{"rendered":"<p>FE600\u2011DV \u00e8 un dinamometro a correnti parassite a doppio rotore. FE600\u2011DV \u00e8 una soluzione ad alta velocit\u00e0 e bassa inerzia, ideale per il testing di motori con potenza fino a 739 kW e velocit\u00e0 fino a 5.500 rpm.<\/p>\n","protected":false},"excerpt":{"rendered":"<p>FE600\u2011DV \u00e8 un dinamometro a correnti parassite a doppio rotore. FE600\u2011DV \u00e8 una soluzione ad alta velocit\u00e0 e bassa inerzia, ideale per il testing di motori con potenza fino a 739 kW e velocit\u00e0 fino a 5.500 rpm.<\/p>\n","protected":false},"featured_media":2750,"template":"","meta":{"_acf_changed":false},"product_brand":[],"product_cat":[83],"product_tag":[],"class_list":{"0":"post-4280","1":"product","2":"type-product","3":"status-publish","4":"has-post-thumbnail","6":"product_cat-dinamometri-a-correnti-parassite","7":"nt-post-class","8":"","10":"nt-default-format-box","11":"post-box-type-default","14":"first","15":"instock","16":"shipping-taxable","17":"product-type-simple"},"acf":[],"_links":{"self":[{"href":"https:\/\/www.borghisaveri.it\/it\/wp-json\/wp\/v2\/product\/4280","targetHints":{"allow":["GET"]}}],"collection":[{"href":"https:\/\/www.borghisaveri.it\/it\/wp-json\/wp\/v2\/product"}],"about":[{"href":"https:\/\/www.borghisaveri.it\/it\/wp-json\/wp\/v2\/types\/product"}],"wp:featuredmedia":[{"embeddable":true,"href":"https:\/\/www.borghisaveri.it\/it\/wp-json\/wp\/v2\/media\/2750"}],"wp:attachment":[{"href":"https:\/\/www.borghisaveri.it\/it\/wp-json\/wp\/v2\/media?parent=4280"}],"wp:term":[{"taxonomy":"product_brand","embeddable":true,"href":"https:\/\/www.borghisaveri.it\/it\/wp-json\/wp\/v2\/product_brand?post=4280"},{"taxonomy":"product_cat","embeddable":true,"href":"https:\/\/www.borghisaveri.it\/it\/wp-json\/wp\/v2\/product_cat?post=4280"},{"taxonomy":"product_tag","embeddable":true,"href":"https:\/\/www.borghisaveri.it\/it\/wp-json\/wp\/v2\/product_tag?post=4280"}],"curies":[{"name":"wp","href":"https:\/\/api.w.org\/{rel}","templated":true}]}}