{"id":3127,"date":"2020-03-10T18:00:09","date_gmt":"2020-03-10T17:00:09","guid":{"rendered":"https:\/\/www.borghisaveri.it\/dynamometer\/fe600-sdp\/"},"modified":"2023-09-04T14:47:00","modified_gmt":"2023-09-04T12:47:00","slug":"fe600-sdp","status":"publish","type":"product","link":"https:\/\/www.borghisaveri.it\/it\/dynamometer\/fe600-sdp\/","title":{"rendered":"FE600 SDP"},"content":{"rendered":"<p>FE600-SDP \u00e8 un dinamometro a correnti parassite a doppio rotore. L&#8217;FE600-SDP \u00e8 una soluzione ad alta velocit\u00e0 e ad alta coppia, ideale per testare motori con potenza fino a 478 kW e coppia fino a 2000 Nm.<\/p>\n","protected":false},"excerpt":{"rendered":"<p>FE600-SDP \u00e8 un dinamometro a correnti parassite a doppio rotore. L&#8217;FE600-SDP \u00e8 una soluzione ad alta velocit\u00e0 e ad alta coppia, ideale per testare motori con potenza fino a 478 kW e coppia fino a 2000 Nm.<\/p>\n","protected":false},"featured_media":2753,"template":"","meta":{"_acf_changed":false},"product_brand":[],"product_cat":[83],"product_tag":[],"class_list":{"0":"post-3127","1":"product","2":"type-product","3":"status-publish","4":"has-post-thumbnail","6":"product_cat-dinamometri-a-correnti-parassite","7":"nt-post-class","8":"","10":"nt-default-format-box","11":"post-box-type-default","14":"first","15":"instock","16":"shipping-taxable","17":"product-type-simple"},"acf":[],"_links":{"self":[{"href":"https:\/\/www.borghisaveri.it\/it\/wp-json\/wp\/v2\/product\/3127","targetHints":{"allow":["GET"]}}],"collection":[{"href":"https:\/\/www.borghisaveri.it\/it\/wp-json\/wp\/v2\/product"}],"about":[{"href":"https:\/\/www.borghisaveri.it\/it\/wp-json\/wp\/v2\/types\/product"}],"wp:featuredmedia":[{"embeddable":true,"href":"https:\/\/www.borghisaveri.it\/it\/wp-json\/wp\/v2\/media\/2753"}],"wp:attachment":[{"href":"https:\/\/www.borghisaveri.it\/it\/wp-json\/wp\/v2\/media?parent=3127"}],"wp:term":[{"taxonomy":"product_brand","embeddable":true,"href":"https:\/\/www.borghisaveri.it\/it\/wp-json\/wp\/v2\/product_brand?post=3127"},{"taxonomy":"product_cat","embeddable":true,"href":"https:\/\/www.borghisaveri.it\/it\/wp-json\/wp\/v2\/product_cat?post=3127"},{"taxonomy":"product_tag","embeddable":true,"href":"https:\/\/www.borghisaveri.it\/it\/wp-json\/wp\/v2\/product_tag?post=3127"}],"curies":[{"name":"wp","href":"https:\/\/api.w.org\/{rel}","templated":true}]}}