{"id":3112,"date":"2020-03-10T17:58:18","date_gmt":"2020-03-10T16:58:18","guid":{"rendered":"https:\/\/www.borghisaveri.it\/dynamometer\/f23\/"},"modified":"2023-09-04T14:37:49","modified_gmt":"2023-09-04T12:37:49","slug":"f23","status":"publish","type":"product","link":"https:\/\/www.borghisaveri.it\/it\/dynamometer\/f23\/","title":{"rendered":"F23"},"content":{"rendered":"<p>F23 \u00e8 un dinamometro idraulico compatto. F23 \u00e8 una soluzione ad alta velocit\u00e0 e bassa inerzia con costi di manutenzione estremamente bassi, ideale per testare motori con potenza fino a 625 kW e velocit\u00e0 fino a 13000 giri\/min.<\/p>\n","protected":false},"excerpt":{"rendered":"<p>F23 \u00e8 un dinamometro idraulico compatto. F23 \u00e8 una soluzione ad alta velocit\u00e0 e bassa inerzia con costi di manutenzione estremamente bassi, ideale per testare motori con potenza fino a 625 kW e velocit\u00e0 fino a 13000 giri\/min.<\/p>\n","protected":false},"featured_media":2735,"template":"","meta":{"_acf_changed":false},"product_brand":[],"product_cat":[84],"product_tag":[],"class_list":{"0":"post-3112","1":"product","2":"type-product","3":"status-publish","4":"has-post-thumbnail","6":"product_cat-dinamometri-idraulici","7":"nt-post-class","8":"","10":"nt-default-format-box","11":"post-box-type-default","14":"first","15":"instock","16":"shipping-taxable","17":"product-type-simple"},"acf":[],"_links":{"self":[{"href":"https:\/\/www.borghisaveri.it\/it\/wp-json\/wp\/v2\/product\/3112","targetHints":{"allow":["GET"]}}],"collection":[{"href":"https:\/\/www.borghisaveri.it\/it\/wp-json\/wp\/v2\/product"}],"about":[{"href":"https:\/\/www.borghisaveri.it\/it\/wp-json\/wp\/v2\/types\/product"}],"wp:featuredmedia":[{"embeddable":true,"href":"https:\/\/www.borghisaveri.it\/it\/wp-json\/wp\/v2\/media\/2735"}],"wp:attachment":[{"href":"https:\/\/www.borghisaveri.it\/it\/wp-json\/wp\/v2\/media?parent=3112"}],"wp:term":[{"taxonomy":"product_brand","embeddable":true,"href":"https:\/\/www.borghisaveri.it\/it\/wp-json\/wp\/v2\/product_brand?post=3112"},{"taxonomy":"product_cat","embeddable":true,"href":"https:\/\/www.borghisaveri.it\/it\/wp-json\/wp\/v2\/product_cat?post=3112"},{"taxonomy":"product_tag","embeddable":true,"href":"https:\/\/www.borghisaveri.it\/it\/wp-json\/wp\/v2\/product_tag?post=3112"}],"curies":[{"name":"wp","href":"https:\/\/api.w.org\/{rel}","templated":true}]}}