{"id":3048,"date":"2019-11-27T17:38:27","date_gmt":"2019-11-27T16:38:27","guid":{"rendered":"https:\/\/www.borghisaveri.it\/chi-siamo\/"},"modified":"2023-09-04T11:46:10","modified_gmt":"2023-09-04T09:46:10","slug":"chi-siamo","status":"publish","type":"page","link":"https:\/\/www.borghisaveri.it\/it\/chi-siamo\/","title":{"rendered":"Chi siamo"},"content":{"rendered":"\t\t<div data-elementor-type=\"wp-page\" data-elementor-id=\"3048\" class=\"elementor elementor-3048 elementor-470\" data-elementor-post-type=\"page\">\n\t\t\t\t\t\t<header class=\"elementor-section elementor-top-section elementor-element elementor-element-f419ae2 elementor-section-stretched elementor-section-full_width elementor-section-height-default elementor-section-height-default section__indent-def section__outdent-def\" data-id=\"f419ae2\" data-element_type=\"section\" data-e-type=\"section\" data-settings=\"{&quot;stretch_section&quot;:&quot;section-stretched&quot;}\">\n\t\t\t\t\t\t<div class=\"elementor-container elementor-column-gap-no\">\n\t\t\t\t\t<div class=\"elementor-column elementor-col-100 elementor-top-column elementor-element elementor-element-946bdb2\" data-id=\"946bdb2\" data-element_type=\"column\" data-e-type=\"column\">\n\t\t\t<div class=\"elementor-widget-wrap elementor-element-populated\">\n\t\t\t\t\t\t<div class=\"elementor-element elementor-element-2b0cc49 elementor-widget elementor-widget-quadron-page-hero-section\" data-id=\"2b0cc49\" data-element_type=\"widget\" data-e-type=\"widget\" data-widget_type=\"quadron-page-hero-section.default\">\n\t\t\t\t<div class=\"elementor-widget-container\">\n\t\t\t\t\t<div class=\"section--no-padding section\"><div class=\"subpage-header\"><div class=\"subpage-header__bg\"><div class=\"container\"><div class=\"subpage-header__block\"><div class=\"subpage-header__caption\">Azienda<\/div><h1 class=\"subpage-header__title\">Chi siamo<\/h1><div class=\"subpage-header__line\"><\/div><\/div><\/div><\/div><\/div><\/div>\t\t\t\t<\/div>\n\t\t\t\t<\/div>\n\t\t\t\t\t<\/div>\n\t\t<\/div>\n\t\t\t\t\t<\/div>\n\t\t<\/header>\n\t\t\t\t<section class=\"elementor-section elementor-top-section elementor-element elementor-element-d3b6c0b elementor-section-stretched elementor-section-full_width elementor-section-height-default elementor-section-height-default section__indent-def section__outdent-def\" data-id=\"d3b6c0b\" data-element_type=\"section\" data-e-type=\"section\" data-settings=\"{&quot;stretch_section&quot;:&quot;section-stretched&quot;,&quot;background_background&quot;:&quot;classic&quot;}\">\n\t\t\t\t\t\t<div class=\"elementor-container elementor-column-gap-no\">\n\t\t\t\t\t<div class=\"elementor-column elementor-col-100 elementor-top-column elementor-element elementor-element-ea33ff7\" data-id=\"ea33ff7\" data-element_type=\"column\" data-e-type=\"column\">\n\t\t\t<div class=\"elementor-widget-wrap elementor-element-populated\">\n\t\t\t\t\t\t<div class=\"elementor-element elementor-element-35533c1 elementor-widget elementor-widget-quadron-about-us-three-section\" data-id=\"35533c1\" data-element_type=\"widget\" data-e-type=\"widget\" data-widget_type=\"quadron-about-us-three-section.default\">\n\t\t\t\t<div class=\"elementor-widget-container\">\n\t\t\t\t\t<div class=\"section--no-padding section--pr\"><div class=\"section--bg-wrapper-03 section__indent-left\"><\/div><div class=\"section__indent-05\"><div class=\"container\"><div class=\"row\"><div class=\"col-sm-6\"><div class=\"section-heading\"><div class=\"description\"><i><\/i>Su di noi<\/div><h4 class=\"title title-lg\">Grandi tradizioni e continua evoluzione<\/h4><\/div><p>Borghi &amp; Saveri nasce nel 1935 come produttore di bilance e stadere.<\/p><p>Si trova in Emilia Romagna, ancora oggi sede di alcune tra le pi\u00f9 apprezzate case automobilistiche e motociclistiche.<\/p><p>Ben presto l'azienda ebbe l'idea di applicare i propri prodotti alla misurazione della coppia sviluppata dai motori a combustione interna.<\/p><p>Nel corso degli 85 anni di attivit\u00e0 la produzione si \u00e8 continuamente evoluta assecondando le pi\u00f9 avanzate richieste di un'ampia gamma di settori industriali. Borghi &amp; Saveri \u00e8 in un continuo confronto con le ultime tecnologie, consentendo l'acquisizione di preziose esperienze per il miglioramento della produzione standard.<\/p><p>Oggi Borghi &amp; Saveri \u00e8 impegnata nella grande sfida dell\u2019elettrificazione e dell\u2019industria 4.0.<\/p><\/div><div class=\"divider divider__lg d-block d-sm-none\"><\/div><div class=\"col-sm-5 offset-lg-1\"><a href=\"\" class=\"videolink video-popup offset-top5\"><img decoding=\"async\" data-src=\"https:\/\/www.borghisaveri.it\/wp-content\/uploads\/2023\/01\/e-powertrain.jpg\" alt=\"e-powertrain.jpg\" src=\"data:image\/svg+xml;base64,PHN2ZyB3aWR0aD0iMSIgaGVpZ2h0PSIxIiB4bWxucz0iaHR0cDovL3d3dy53My5vcmcvMjAwMC9zdmciPjwvc3ZnPg==\" class=\"lazyload\" style=\"--smush-placeholder-width: 1000px; --smush-placeholder-aspect-ratio: 1000\/1000;\"><div class=\"videolink__icon\"><\/div><\/a><div class=\"extra-block01\"><\/div><\/div><\/div><div class=\"divider divider__48 d-none d-lg-block d-xl-block\"><\/div><div class=\"box-counter-list\"><div class=\"row justify-default\"><div class=\"col-sm-6 col-md-4\"><div class=\"box-counter\"><div class=\"box-counter__title\">Storia<\/div><div class=\"box-counter__value\"><span data-num=\"1935\" class=\"value animate-number viz\">1935<\/span> <\/div><p>l'anno di fondazione di Borghi&Saveri.<\/p><\/div><\/div><div class=\"col-sm-6 col-md-4\"><div class=\"box-counter\"><div class=\"box-counter__title\">Nel mondo<\/div><div class=\"box-counter__value\"><span data-num=\"5000\" class=\"value animate-number viz\">5000<\/span> prodotti<\/div><p>Dinamometri Borghi&Saveri nei 5 continenti.<\/p><\/div><\/div><div class=\"col-sm-6 col-md-4\"><div class=\"box-counter\"><div class=\"box-counter__title\">Portafoglio<\/div><div class=\"box-counter__value\"><span data-num=\"25\" class=\"value animate-number viz\">25<\/span> modelli<\/div><p>Dinamometri nel portafoglio Borghi&Saveri per un'ampia gamma di specifiche.<\/p><\/div><\/div><\/div><\/div><\/div><\/div><\/div>\t\t\t\t<\/div>\n\t\t\t\t<\/div>\n\t\t\t\t\t<\/div>\n\t\t<\/div>\n\t\t\t\t\t<\/div>\n\t\t<\/section>\n\t\t\t\t<\/div>\n\t\t","protected":false},"excerpt":{"rendered":"<p>Azienda Chi siamo Su di noi Grandi tradizioni e continua evoluzione Borghi &amp; Saveri nasce nel 1935 come produttore di bilance e stadere. Si trova in Emilia Romagna, ancora oggi sede di alcune tra le pi\u00f9 apprezzate case automobilistiche e motociclistiche. Ben presto l&#8217;azienda ebbe l&#8217;idea di applicare i propri prodotti alla misurazione della coppia&#8230;<\/p>\n","protected":false},"author":1,"featured_media":0,"parent":0,"menu_order":0,"comment_status":"closed","ping_status":"closed","template":"quadron-elementor-page.php","meta":{"_acf_changed":false,"footnotes":""},"class_list":{"0":"post-3048","1":"page","2":"type-page","3":"status-publish","4":"hentry","5":"nt-post-class","6":"","8":"nt-default-format-box","9":"post-box-type-default"},"acf":[],"_links":{"self":[{"href":"https:\/\/www.borghisaveri.it\/it\/wp-json\/wp\/v2\/pages\/3048","targetHints":{"allow":["GET"]}}],"collection":[{"href":"https:\/\/www.borghisaveri.it\/it\/wp-json\/wp\/v2\/pages"}],"about":[{"href":"https:\/\/www.borghisaveri.it\/it\/wp-json\/wp\/v2\/types\/page"}],"author":[{"embeddable":true,"href":"https:\/\/www.borghisaveri.it\/it\/wp-json\/wp\/v2\/users\/1"}],"replies":[{"embeddable":true,"href":"https:\/\/www.borghisaveri.it\/it\/wp-json\/wp\/v2\/comments?post=3048"}],"version-history":[{"count":0,"href":"https:\/\/www.borghisaveri.it\/it\/wp-json\/wp\/v2\/pages\/3048\/revisions"}],"wp:attachment":[{"href":"https:\/\/www.borghisaveri.it\/it\/wp-json\/wp\/v2\/media?parent=3048"}],"curies":[{"name":"wp","href":"https:\/\/api.w.org\/{rel}","templated":true}]}}