{"id":3011,"date":"2019-11-28T10:52:59","date_gmt":"2019-11-28T09:52:59","guid":{"rendered":"https:\/\/www.borghisaveri.it\/manutenzione\/"},"modified":"2023-10-12T09:39:41","modified_gmt":"2023-10-12T07:39:41","slug":"assistenza-e-manutenzione","status":"publish","type":"page","link":"https:\/\/www.borghisaveri.it\/it\/assistenza-e-manutenzione\/","title":{"rendered":"Assistenza e manutenzione"},"content":{"rendered":"\t\t<div data-elementor-type=\"wp-page\" data-elementor-id=\"3011\" class=\"elementor elementor-3011 elementor-542\" data-elementor-post-type=\"page\">\n\t\t\t\t\t\t<header class=\"elementor-section elementor-top-section elementor-element elementor-element-ed6b637 elementor-section-stretched elementor-section-full_width elementor-section-height-default elementor-section-height-default section__indent-def section__outdent-def\" data-id=\"ed6b637\" data-element_type=\"section\" data-e-type=\"section\" data-settings=\"{&quot;stretch_section&quot;:&quot;section-stretched&quot;}\">\n\t\t\t\t\t\t<div class=\"elementor-container elementor-column-gap-no\">\n\t\t\t\t\t<div class=\"elementor-column elementor-col-100 elementor-top-column elementor-element elementor-element-3ea6f2f\" data-id=\"3ea6f2f\" data-element_type=\"column\" data-e-type=\"column\">\n\t\t\t<div class=\"elementor-widget-wrap elementor-element-populated\">\n\t\t\t\t\t\t<div class=\"elementor-element elementor-element-9b1d529 elementor-widget elementor-widget-quadron-page-hero-section\" data-id=\"9b1d529\" data-element_type=\"widget\" data-e-type=\"widget\" data-widget_type=\"quadron-page-hero-section.default\">\n\t\t\t\t<div class=\"elementor-widget-container\">\n\t\t\t\t\t<div class=\"section--no-padding section\"><div class=\"subpage-header\"><div class=\"subpage-header__bg\"><div class=\"container\"><div class=\"subpage-header__block\"><div class=\"subpage-header__caption\">Servizi<\/div><h1 class=\"subpage-header__title\">Assistenza e manutenzione<\/h1><div class=\"subpage-header__line\"><\/div><\/div><\/div><\/div><\/div><\/div>\t\t\t\t<\/div>\n\t\t\t\t<\/div>\n\t\t\t\t\t<\/div>\n\t\t<\/div>\n\t\t\t\t\t<\/div>\n\t\t<\/header>\n\t\t\t\t<section class=\"elementor-section elementor-top-section elementor-element elementor-element-7f63e7e elementor-section-stretched elementor-section-full_width elementor-section-height-default elementor-section-height-default section__indent-def section__outdent-def\" data-id=\"7f63e7e\" data-element_type=\"section\" data-e-type=\"section\" data-settings=\"{&quot;stretch_section&quot;:&quot;section-stretched&quot;}\">\n\t\t\t\t\t\t<div class=\"elementor-container elementor-column-gap-no\">\n\t\t\t\t\t<div class=\"elementor-column elementor-col-100 elementor-top-column elementor-element elementor-element-34a6ead\" data-id=\"34a6ead\" data-element_type=\"column\" data-e-type=\"column\">\n\t\t\t<div class=\"elementor-widget-wrap elementor-element-populated\">\n\t\t\t\t\t\t<div class=\"elementor-element elementor-element-5128003 elementor-widget elementor-widget-quadron-services-four-section\" data-id=\"5128003\" data-element_type=\"widget\" data-e-type=\"widget\" data-widget_type=\"quadron-services-four-section.default\">\n\t\t\t\t<div class=\"elementor-widget-container\">\n\t\t\t\t\t<div class=\"section section__indent-07\"><div class=\"container\"><div class=\"col-list-box\"><div class=\"row justify-default\"><div class=\"col-sm-auto col-md-auto\"><div class=\"box01\"><\/div><\/div><div class=\"col-md-5\"><div class=\"text-sm base-color-01\"><p>Borghi&amp;Saveri offre una gamma di servizi e programmi personalizzati per garantire che i nostri dinamomentri funzionino in modo affidabile, sicuro ed efficiente. Collaboriamo con i nostri clienti per fornire un'adeguata pianificazione, gestione ed esecuzione di riparazioni, manutenzioni e aggiornamenti.<\/p><p><img fetchpriority=\"high\" decoding=\"async\" class=\"alignnone wp-image-2432 size-full\" src=\"https:\/\/www.borghisaveri.it\/wp-content\/uploads\/2023\/01\/repair-maintenance-1.jpg\" alt=\"\" width=\"1000\" height=\"850\" srcset=\"https:\/\/www.borghisaveri.it\/wp-content\/uploads\/2023\/01\/repair-maintenance-1.jpg 1000w, https:\/\/www.borghisaveri.it\/wp-content\/uploads\/2023\/01\/repair-maintenance-1-300x255.jpg 300w, https:\/\/www.borghisaveri.it\/wp-content\/uploads\/2023\/01\/repair-maintenance-1-768x653.jpg 768w, https:\/\/www.borghisaveri.it\/wp-content\/uploads\/2023\/01\/repair-maintenance-1-600x510.jpg 600w\" sizes=\"(max-width: 1000px) 100vw, 1000px\" \/><\/p><\/div><\/div><div class=\"col-md-6 ml-auto\"><p>Borghi&amp;Saveri si occupa della riparazione dei propri dinamometri attivi e passivi, e di freni a correnti parassite e idraulici prodotti da terze parti. Il nostro obiettivo \u00e8 quello di restituire il dinamometro in condizioni meccaniche ottimali. L'obiettivo finale \u00e8 di aumentare l'affidabilit\u00e0 e ridurre i tempi di fermo della sala prova.<\/p><p>Borghi&amp;Saveri, al ricevimento del prodotto, lo disassembla e successivamente lo sabbia per rimuovere eventuali rivestimenti, incrostazioni o ruggine. In seguito a questa fase, uno dei nostri tecnici esperti esegue un controllo visivo e dimensionale di tutte le caratteristiche interne e dei componenti.<\/p><p>Una volta completata l'ispezione, il tecnico e il nostro reparto commerciale svilupperanno un programma di lavoro che descriver\u00e0 in dettaglio i nuovi componenti e le riparazioni necessarie per riportare l'apparecchiatura danneggiata a condizioni pari al nuovo.<\/p><p>Dopo l'approvazione del preventivo da parte del cliente, riequilibriamo, lavoriamo o sostituiamo le parti come concordato per riportare la macchina alle specifiche originali di fabbrica.<\/p><\/div><\/div><\/div><\/div><\/div>\t\t\t\t<\/div>\n\t\t\t\t<\/div>\n\t\t\t\t\t<\/div>\n\t\t<\/div>\n\t\t\t\t\t<\/div>\n\t\t<\/section>\n\t\t\t\t<section class=\"elementor-section elementor-top-section elementor-element elementor-element-a04e9c2 elementor-section-boxed elementor-section-height-default elementor-section-height-default section__indent-def section__outdent-def\" data-id=\"a04e9c2\" data-element_type=\"section\" data-e-type=\"section\" data-settings=\"{&quot;background_background&quot;:&quot;classic&quot;}\">\n\t\t\t\t\t\t<div class=\"elementor-container elementor-column-gap-default\">\n\t\t\t\t\t<div class=\"elementor-column elementor-col-100 elementor-top-column elementor-element elementor-element-f1c65bb\" data-id=\"f1c65bb\" data-element_type=\"column\" data-e-type=\"column\">\n\t\t\t<div class=\"elementor-widget-wrap elementor-element-populated\">\n\t\t\t\t\t\t<div class=\"elementor-element elementor-element-e01ca39 elementor-widget elementor-widget-heading\" data-id=\"e01ca39\" data-element_type=\"widget\" data-e-type=\"widget\" data-widget_type=\"heading.default\">\n\t\t\t\t<div class=\"elementor-widget-container\">\n\t\t\t\t\t<h2 class=\"elementor-heading-title elementor-size-default\">Mai pi\u00f9 fermi per manutenzione<\/h2>\t\t\t\t<\/div>\n\t\t\t\t<\/div>\n\t\t\t\t<div class=\"elementor-element elementor-element-caa806d elementor-widget elementor-widget-text-editor\" data-id=\"caa806d\" data-element_type=\"widget\" data-e-type=\"widget\" data-widget_type=\"text-editor.default\">\n\t\t\t\t<div class=\"elementor-widget-container\">\n\t\t\t\t\t\t\t\t\t<p>Il nostro programma Exchange \u00e8 la soluzione che elimina i fermi macchina.<\/p>\n<p><strong>Per ridurre al minimo l&#8217;inattivit\u00e0 di un banco di prova in manutenzione, lo sostituiamo con uno ricondizionato, pronto all&#8217;uso e garantito pari al nuovo.<\/strong><\/p>\n<p>\u00c8 un&#8217;opzione molto apprezzata dai nostri clienti, da inserire in un piano di manutenzione a lungo termine.<\/p>\n\t\t\t\t\t\t\t\t<\/div>\n\t\t\t\t<\/div>\n\t\t\t\t\t<\/div>\n\t\t<\/div>\n\t\t\t\t\t<\/div>\n\t\t<\/section>\n\t\t\t\t<\/div>\n\t\t","protected":false},"excerpt":{"rendered":"<p>Servizi Assistenza e manutenzione Borghi&amp;Saveri offre una gamma di servizi e programmi personalizzati per garantire che i nostri dinamomentri funzionino in modo affidabile, sicuro ed efficiente. Collaboriamo con i nostri clienti per fornire un&#8217;adeguata pianificazione, gestione ed esecuzione di riparazioni, manutenzioni e aggiornamenti. Borghi&amp;Saveri si occupa della riparazione dei propri dinamometri attivi e passivi, e&#8230;<\/p>\n","protected":false},"author":1,"featured_media":0,"parent":0,"menu_order":0,"comment_status":"closed","ping_status":"closed","template":"quadron-elementor-page.php","meta":{"_acf_changed":false,"footnotes":""},"class_list":{"0":"post-3011","1":"page","2":"type-page","3":"status-publish","4":"hentry","5":"nt-post-class","6":"","8":"nt-default-format-box","9":"post-box-type-default"},"acf":[],"_links":{"self":[{"href":"https:\/\/www.borghisaveri.it\/it\/wp-json\/wp\/v2\/pages\/3011","targetHints":{"allow":["GET"]}}],"collection":[{"href":"https:\/\/www.borghisaveri.it\/it\/wp-json\/wp\/v2\/pages"}],"about":[{"href":"https:\/\/www.borghisaveri.it\/it\/wp-json\/wp\/v2\/types\/page"}],"author":[{"embeddable":true,"href":"https:\/\/www.borghisaveri.it\/it\/wp-json\/wp\/v2\/users\/1"}],"replies":[{"embeddable":true,"href":"https:\/\/www.borghisaveri.it\/it\/wp-json\/wp\/v2\/comments?post=3011"}],"version-history":[{"count":0,"href":"https:\/\/www.borghisaveri.it\/it\/wp-json\/wp\/v2\/pages\/3011\/revisions"}],"wp:attachment":[{"href":"https:\/\/www.borghisaveri.it\/it\/wp-json\/wp\/v2\/media?parent=3011"}],"curies":[{"name":"wp","href":"https:\/\/api.w.org\/{rel}","templated":true}]}}