{"id":2983,"date":"2020-02-24T16:49:02","date_gmt":"2020-02-24T15:49:02","guid":{"rendered":"https:\/\/www.borghisaveri.it\/privacy-policy\/"},"modified":"2023-09-22T16:51:04","modified_gmt":"2023-09-22T14:51:04","slug":"informativa-sulla-privacy","status":"publish","type":"page","link":"https:\/\/www.borghisaveri.it\/it\/informativa-sulla-privacy\/","title":{"rendered":"Informativa sulla privacy"},"content":{"rendered":"\t\t<div data-elementor-type=\"wp-page\" data-elementor-id=\"2983\" class=\"elementor elementor-2983 elementor-3\" data-elementor-post-type=\"page\">\n\t\t\t\t\t\t<section class=\"elementor-section elementor-top-section elementor-element elementor-element-f79618d elementor-section-full_width elementor-section-height-default elementor-section-height-default section__indent-def section__outdent-def\" data-id=\"f79618d\" data-element_type=\"section\" data-e-type=\"section\">\n\t\t\t\t\t\t<div class=\"elementor-container elementor-column-gap-no\">\n\t\t\t\t\t<div class=\"elementor-column elementor-col-100 elementor-top-column elementor-element elementor-element-b46bcf6\" data-id=\"b46bcf6\" data-element_type=\"column\" data-e-type=\"column\">\n\t\t\t<div class=\"elementor-widget-wrap elementor-element-populated\">\n\t\t\t\t\t\t<div class=\"elementor-element elementor-element-bde1bb1 elementor-widget elementor-widget-quadron-page-hero-section\" data-id=\"bde1bb1\" data-element_type=\"widget\" data-e-type=\"widget\" data-widget_type=\"quadron-page-hero-section.default\">\n\t\t\t\t<div class=\"elementor-widget-container\">\n\t\t\t\t\t<div class=\"section--no-padding section\"><div class=\"subpage-header\"><div class=\"subpage-header__bg\"><div class=\"container\"><div class=\"subpage-header__block\"><div class=\"subpage-header__caption\">Company<\/div><h1 class=\"subpage-header__title\">Informativa sulla privacy<\/h1><div class=\"subpage-header__line\"><\/div><\/div><\/div><\/div><\/div><\/div>\t\t\t\t<\/div>\n\t\t\t\t<\/div>\n\t\t\t\t\t<\/div>\n\t\t<\/div>\n\t\t\t\t\t<\/div>\n\t\t<\/section>\n\t\t\t\t<section class=\"elementor-section elementor-top-section elementor-element elementor-element-3db759c elementor-section-boxed elementor-section-height-default elementor-section-height-default section__indent-def section__outdent-def\" data-id=\"3db759c\" data-element_type=\"section\" data-e-type=\"section\">\n\t\t\t\t\t\t<div class=\"elementor-container elementor-column-gap-default\">\n\t\t\t\t\t<div class=\"elementor-column elementor-col-100 elementor-top-column elementor-element elementor-element-e18d172\" data-id=\"e18d172\" data-element_type=\"column\" data-e-type=\"column\">\n\t\t\t<div class=\"elementor-widget-wrap elementor-element-populated\">\n\t\t\t\t\t\t<div class=\"elementor-element elementor-element-b83f505 elementor-widget elementor-widget-text-editor\" data-id=\"b83f505\" data-element_type=\"widget\" data-e-type=\"widget\" data-widget_type=\"text-editor.default\">\n\t\t\t\t<div class=\"elementor-widget-container\">\n\t\t\t\t\t\t\t\t\t<p>Gentile Utente, i dati personali (cognome, nome, indirizzo email,numero di telefono) che hai fornito a Borghi &amp; Saveri S.r.l. Societ\u00e0 Unipersonale attraverso il sito www.borghisaveri.it (il \u201cSito\u201d) saranno trattati attraverso l\u2019ausilio di strumenti elettronici e cartacei, per le seguenti finalit\u00e0:<\/p>\n<p>per fornirti il servizio di assistenza clienti e rispondere alle eventuali tue richieste;<\/p>\n<p>Per le finalit\u00e0 suindicate, il conferimento dei dati \u00e8 facoltativo e pertanto, in caso di un tuo rifiuto, non sussistono conseguenze se non l\u2019impossibilit\u00e0 di porre in atto le iniziative suelencate.<\/p>\n<p>Il trattamento dei tuoi dati sar\u00e0 effettuato tramite documenti e archivi cartacei e attraverso strumenti elettronici e\/o telematici nel rispetto delle disposizioni di legge atte a garantirne la riservatezza e la sicurezza, nonch\u00e9 l\u2019esattezza, l\u2019aggiornamento e la pertinenza dei dati stessi rispetto alle finalit\u00e0 suindicate ed al fine di evitare accessi e conseguenti trattamenti da parte di soggetti non previamente autorizzati.<\/p>\n<p>I tuoi dati personali saranno conservati dalla scrivente fino a quando tu ci comunicherai che non sarai pi\u00f9 interessato alle nostre comunicazioni. In ogni caso, i tuoi dati saranno conservati per svolgere i servizi o le attivit\u00e0 richieste attraverso il Sito e decorsi 2 anni saranno cancellati o resi anonimi.<\/p>\n<p>Nessun dato personale sar\u00e0 oggetto di diffusione n\u00e9 sar\u00e0 trasferito in un paese Extra UE.<\/p>\n<p>Ferme restando le comunicazioni effettuate in esecuzione di obblighi previsti da leggi, regolamenti o normativa comunitaria, i tuoi dati saranno trattati dai dipendenti e collaboratori della scrivente in relazione alle specifiche mansioni lavorative, e potranno essere comunicati in Italia alle Autorit\u00e0 o Pubbliche Istituzioni e a fornitori della scrivente che hanno necessit\u00e0 di accedere ai tuoi dati per l\u2019esecuzione del servizio offerto attraverso il Sito. In ogni caso, saranno trasferiti solamente i dati personali necessari a raggiungere lo scopo per cui vengono raccolti, e ci\u00f2 avviene nel pieno rispetto della necessaria sicurezza e riservatezza dei dati stessi.<\/p>\n<p>Relativamente ai dati medesimi, e in ogni momento, mediante semplice richiesta scritta indirizzata al Titolare, anche a mezzo email o tramite soggetto delegato potrai:<\/p>\n<p>ottenere l\u2019accesso ai dati personali per conoscere origine dei dati, finalit\u00e0 del trattamento, logica applicata al trattamento con uso di strumenti elettronici, categorie di dati, destinatari (o categorie di destinatari) ai quali gli stessi saranno comunicati, periodo di conservazione, e la loro comunicazione in una forma intellegibile;<br \/>ottenere la rettifica, l\u2019integrazione, la cancellazione dei dati o la limitazione del trattamento;<br \/>opporti al trattamento dei tuoi dati personali;<br \/>ottenere la portabilit\u00e0 dei dati, ove pertinente;<br \/>revocare il consenso in qualsiasi momento; (vi) proporre reclamo ad un\u2019autorit\u00e0 di controllo.<\/p>\n<p>Titolare del trattamento dei dati \u00e8 la societ\u00e0 Borghi &amp; Saveri S.r.l. Societ\u00e0 Unipersonale, con sede legale in Pieve di Cento (Bo) 40066, in Via Provinciale Bologna 28\/30, email: bs@borghisaveri.it, telefono: 051 975364\/5<\/p>\n\t\t\t\t\t\t\t\t<\/div>\n\t\t\t\t<\/div>\n\t\t\t\t\t<\/div>\n\t\t<\/div>\n\t\t\t\t\t<\/div>\n\t\t<\/section>\n\t\t\t\t<\/div>\n\t\t","protected":false},"excerpt":{"rendered":"<p>Company Gentile Utente, i dati personali (cognome, nome, indirizzo email,numero di telefono) che hai fornito a Borghi &amp; Saveri S.r.l. Societ\u00e0 Unipersonale attraverso il sito www.borghisaveri.it (il \u201cSito\u201d) saranno trattati attraverso l\u2019ausilio di strumenti elettronici e cartacei, per le seguenti finalit\u00e0: per fornirti il servizio di assistenza clienti e rispondere alle eventuali tue richieste; Per&#8230;<\/p>\n","protected":false},"author":1,"featured_media":0,"parent":0,"menu_order":0,"comment_status":"closed","ping_status":"open","template":"quadron-elementor-page.php","meta":{"_acf_changed":false,"footnotes":""},"class_list":{"0":"post-2983","1":"page","2":"type-page","3":"status-publish","4":"hentry","5":"nt-post-class","6":"","8":"nt-default-format-box","9":"post-box-type-default"},"acf":[],"_links":{"self":[{"href":"https:\/\/www.borghisaveri.it\/it\/wp-json\/wp\/v2\/pages\/2983","targetHints":{"allow":["GET"]}}],"collection":[{"href":"https:\/\/www.borghisaveri.it\/it\/wp-json\/wp\/v2\/pages"}],"about":[{"href":"https:\/\/www.borghisaveri.it\/it\/wp-json\/wp\/v2\/types\/page"}],"author":[{"embeddable":true,"href":"https:\/\/www.borghisaveri.it\/it\/wp-json\/wp\/v2\/users\/1"}],"replies":[{"embeddable":true,"href":"https:\/\/www.borghisaveri.it\/it\/wp-json\/wp\/v2\/comments?post=2983"}],"version-history":[{"count":0,"href":"https:\/\/www.borghisaveri.it\/it\/wp-json\/wp\/v2\/pages\/2983\/revisions"}],"wp:attachment":[{"href":"https:\/\/www.borghisaveri.it\/it\/wp-json\/wp\/v2\/media?parent=2983"}],"curies":[{"name":"wp","href":"https:\/\/api.w.org\/{rel}","templated":true}]}}