{"id":2968,"date":"2022-12-15T08:41:04","date_gmt":"2022-12-15T07:41:04","guid":{"rendered":"https:\/\/www.borghisaveri.it\/brake-control-unit\/"},"modified":"2024-02-20T17:09:04","modified_gmt":"2024-02-20T16:09:04","slug":"brake-control-unit","status":"publish","type":"page","link":"https:\/\/www.borghisaveri.it\/it\/brake-control-unit\/","title":{"rendered":"Brake Control Unit"},"content":{"rendered":"\t\t<div data-elementor-type=\"wp-page\" data-elementor-id=\"2968\" class=\"elementor elementor-2968 elementor-2300\" data-elementor-post-type=\"page\">\n\t\t\t\t\t\t<header class=\"elementor-section elementor-top-section elementor-element elementor-element-64b4640 elementor-section-stretched elementor-section-full_width elementor-section-height-default elementor-section-height-default section__indent-def section__outdent-def\" data-id=\"64b4640\" data-element_type=\"section\" data-e-type=\"section\" data-settings=\"{&quot;stretch_section&quot;:&quot;section-stretched&quot;}\">\n\t\t\t\t\t\t<div class=\"elementor-container elementor-column-gap-no\">\n\t\t\t\t\t<div class=\"elementor-column elementor-col-100 elementor-top-column elementor-element elementor-element-94af3b0\" data-id=\"94af3b0\" data-element_type=\"column\" data-e-type=\"column\">\n\t\t\t<div class=\"elementor-widget-wrap elementor-element-populated\">\n\t\t\t\t\t\t<div class=\"elementor-element elementor-element-33e471b elementor-widget elementor-widget-quadron-page-hero-section\" data-id=\"33e471b\" data-element_type=\"widget\" data-e-type=\"widget\" data-widget_type=\"quadron-page-hero-section.default\">\n\t\t\t\t<div class=\"elementor-widget-container\">\n\t\t\t\t\t<div class=\"section--no-padding section\"><div class=\"subpage-header\"><div class=\"subpage-header__bg\"><div class=\"container\"><div class=\"subpage-header__block\"><div class=\"subpage-header__caption\">Prodotti<\/div><h1 class=\"subpage-header__title\">Brake Control Unit<\/h1><div class=\"subpage-header__line\"><\/div><\/div><\/div><\/div><\/div><\/div>\t\t\t\t<\/div>\n\t\t\t\t<\/div>\n\t\t\t\t\t<\/div>\n\t\t<\/div>\n\t\t\t\t\t<\/div>\n\t\t<\/header>\n\t\t\t\t<section class=\"elementor-section elementor-top-section elementor-element elementor-element-30f944a elementor-section-boxed elementor-section-height-default elementor-section-height-default section__indent-def section__outdent-def\" data-id=\"30f944a\" data-element_type=\"section\" data-e-type=\"section\" data-settings=\"{&quot;background_background&quot;:&quot;classic&quot;}\">\n\t\t\t\t\t\t<div class=\"elementor-container elementor-column-gap-default\">\n\t\t\t\t\t<div class=\"elementor-column elementor-col-50 elementor-top-column elementor-element elementor-element-0f34227\" data-id=\"0f34227\" data-element_type=\"column\" data-e-type=\"column\">\n\t\t\t<div class=\"elementor-widget-wrap elementor-element-populated\">\n\t\t\t\t\t\t<div class=\"elementor-element elementor-element-49db62a elementor-widget elementor-widget-text-editor\" data-id=\"49db62a\" data-element_type=\"widget\" data-e-type=\"widget\" data-widget_type=\"text-editor.default\">\n\t\t\t\t<div class=\"elementor-widget-container\">\n\t\t\t\t\t\t\t\t\t<p>La Brake Control Unit (BCU) permette di gestire vari tipi di dinamometri grazie agli algoritmi di controllo parametrizzati, in grado di comandare gli attuatori di ogni architettura specifica.<\/p><p>Tutti i parametri relativi al controllo e alla gestione delle sicurezze del dinamometro sono facilmente accessibili (con vari livelli di permessi) tramite l\u2019interfaccia utente su web browser.<\/p><p>Per l&#8217;utilizzo della BCU si possono scegliere i comandi fisici sul pannello frontale oppure su un dispositivo esterno basato sulla comunicazione analogica o su bus di vario tipo.<\/p><p>La BCU pu\u00f2 acquisire fino a due sensori a celle di carico (sia a 4 che a 6 fili). La calibrazione del segnale di coppia si svolge completamente via software, l\u2019utente \u00e8 guidato lungo la procedura con un programma di calibrazione specifico (disponibile sull\u2019interfaccia web).<\/p><p>La BCU \u00e8 predisposta per la simulazione dei giri di pista. \u00c8 necessario verificare la compatibilit\u00e0 con il sistema di gestione del banco installato.<\/p>\t\t\t\t\t\t\t\t<\/div>\n\t\t\t\t<\/div>\n\t\t\t\t\t<\/div>\n\t\t<\/div>\n\t\t\t\t<div class=\"elementor-column elementor-col-50 elementor-top-column elementor-element elementor-element-723ed27\" data-id=\"723ed27\" data-element_type=\"column\" data-e-type=\"column\">\n\t\t\t<div class=\"elementor-widget-wrap elementor-element-populated\">\n\t\t\t\t\t\t<div class=\"elementor-element elementor-element-f980900 elementor-widget__width-initial elementor-widget elementor-widget-text-editor\" data-id=\"f980900\" data-element_type=\"widget\" data-e-type=\"widget\" data-widget_type=\"text-editor.default\">\n\t\t\t\t<div class=\"elementor-widget-container\">\n\t\t\t\t\t\t\t\t\t<p>\u00abLa BCU, con o senza dinamometri, consente di accedere alle agevolazioni fiscali per l&#8217;<strong>Industria 4.0.<\/strong>\u00bb<\/p>\n\t\t\t\t\t\t\t\t<\/div>\n\t\t\t\t<\/div>\n\t\t\t\t<div class=\"elementor-element elementor-element-4adcbd3 elementor-widget elementor-widget-image\" data-id=\"4adcbd3\" data-element_type=\"widget\" data-e-type=\"widget\" data-widget_type=\"image.default\">\n\t\t\t\t<div class=\"elementor-widget-container\">\n\t\t\t\t\t\t\t\t\t\t\t\t\t\t\t<img fetchpriority=\"high\" decoding=\"async\" width=\"768\" height=\"440\" src=\"https:\/\/www.borghisaveri.it\/wp-content\/uploads\/2022\/12\/brake-control-unit-768x440.jpg\" class=\"attachment-medium_large size-medium_large wp-image-2813\" alt=\"\" srcset=\"https:\/\/www.borghisaveri.it\/wp-content\/uploads\/2022\/12\/brake-control-unit-768x440.jpg 768w, https:\/\/www.borghisaveri.it\/wp-content\/uploads\/2022\/12\/brake-control-unit-300x172.jpg 300w, https:\/\/www.borghisaveri.it\/wp-content\/uploads\/2022\/12\/brake-control-unit-600x344.jpg 600w, https:\/\/www.borghisaveri.it\/wp-content\/uploads\/2022\/12\/brake-control-unit.jpg 1000w\" sizes=\"(max-width: 768px) 100vw, 768px\" \/>\t\t\t\t\t\t\t\t\t\t\t\t\t\t\t<\/div>\n\t\t\t\t<\/div>\n\t\t\t\t\t<\/div>\n\t\t<\/div>\n\t\t\t\t\t<\/div>\n\t\t<\/section>\n\t\t\t\t<section class=\"elementor-section elementor-top-section elementor-element elementor-element-3131b95 elementor-section-boxed elementor-section-height-default elementor-section-height-default section__indent-def section__outdent-def\" data-id=\"3131b95\" data-element_type=\"section\" data-e-type=\"section\" data-settings=\"{&quot;background_background&quot;:&quot;classic&quot;}\">\n\t\t\t\t\t\t<div class=\"elementor-container elementor-column-gap-default\">\n\t\t\t\t\t<div class=\"elementor-column elementor-col-50 elementor-top-column elementor-element elementor-element-9cd4f1a\" data-id=\"9cd4f1a\" data-element_type=\"column\" data-e-type=\"column\">\n\t\t\t<div class=\"elementor-widget-wrap elementor-element-populated\">\n\t\t\t\t\t\t<div class=\"elementor-element elementor-element-d155924 elementor-widget elementor-widget-image\" data-id=\"d155924\" data-element_type=\"widget\" data-e-type=\"widget\" data-widget_type=\"image.default\">\n\t\t\t\t<div class=\"elementor-widget-container\">\n\t\t\t\t\t\t\t\t\t\t\t\t\t\t\t<img decoding=\"async\" width=\"768\" height=\"431\" data-src=\"https:\/\/www.borghisaveri.it\/wp-content\/uploads\/2023\/01\/InterfacciaBCU-768x431.png\" class=\"attachment-medium_large size-medium_large wp-image-2822 lazyload\" alt=\"\" data-srcset=\"https:\/\/www.borghisaveri.it\/wp-content\/uploads\/2023\/01\/InterfacciaBCU-768x431.png 768w, https:\/\/www.borghisaveri.it\/wp-content\/uploads\/2023\/01\/InterfacciaBCU-300x168.png 300w, https:\/\/www.borghisaveri.it\/wp-content\/uploads\/2023\/01\/InterfacciaBCU-1024x574.png 1024w, https:\/\/www.borghisaveri.it\/wp-content\/uploads\/2023\/01\/InterfacciaBCU-1536x862.png 1536w, https:\/\/www.borghisaveri.it\/wp-content\/uploads\/2023\/01\/InterfacciaBCU-600x337.png 600w, https:\/\/www.borghisaveri.it\/wp-content\/uploads\/2023\/01\/InterfacciaBCU.png 1542w\" data-sizes=\"(max-width: 768px) 100vw, 768px\" src=\"data:image\/svg+xml;base64,PHN2ZyB3aWR0aD0iMSIgaGVpZ2h0PSIxIiB4bWxucz0iaHR0cDovL3d3dy53My5vcmcvMjAwMC9zdmciPjwvc3ZnPg==\" style=\"--smush-placeholder-width: 768px; --smush-placeholder-aspect-ratio: 768\/431;\" \/>\t\t\t\t\t\t\t\t\t\t\t\t\t\t\t<\/div>\n\t\t\t\t<\/div>\n\t\t\t\t<div class=\"elementor-element elementor-element-4ec6461 elementor-align-center elementor-widget elementor-widget-button\" data-id=\"4ec6461\" data-element_type=\"widget\" data-e-type=\"widget\" data-widget_type=\"button.default\">\n\t\t\t\t<div class=\"elementor-widget-container\">\n\t\t\t\t\t\t\t\t\t<div class=\"elementor-button-wrapper\">\n\t\t\t\t\t<a class=\"elementor-button elementor-button-link elementor-size-sm\" href=\"https:\/\/www.borghisaveri.it\/wp-content\/uploads\/2024\/02\/BCU-Brake-Control-Unit-ITA.pdf\">\n\t\t\t\t\t\t<span class=\"elementor-button-content-wrapper\">\n\t\t\t\t\t\t\t\t\t<span class=\"elementor-button-text\">SCARICA LA BROCHURE DELLA BCU<\/span>\n\t\t\t\t\t<\/span>\n\t\t\t\t\t<\/a>\n\t\t\t\t<\/div>\n\t\t\t\t\t\t\t\t<\/div>\n\t\t\t\t<\/div>\n\t\t\t\t<div class=\"elementor-element elementor-element-739b1dc elementor-align-center elementor-widget elementor-widget-button\" data-id=\"739b1dc\" data-element_type=\"widget\" data-e-type=\"widget\" data-widget_type=\"button.default\">\n\t\t\t\t<div class=\"elementor-widget-container\">\n\t\t\t\t\t\t\t\t\t<div class=\"elementor-button-wrapper\">\n\t\t\t\t\t<a class=\"elementor-button elementor-button-link elementor-size-sm\" href=\"https:\/\/www.borghisaveri.it\/it\/contatti\/\">\n\t\t\t\t\t\t<span class=\"elementor-button-content-wrapper\">\n\t\t\t\t\t\t\t\t\t<span class=\"elementor-button-text\">RICHIEDI INFO<\/span>\n\t\t\t\t\t<\/span>\n\t\t\t\t\t<\/a>\n\t\t\t\t<\/div>\n\t\t\t\t\t\t\t\t<\/div>\n\t\t\t\t<\/div>\n\t\t\t\t\t<\/div>\n\t\t<\/div>\n\t\t\t\t<div class=\"elementor-column elementor-col-50 elementor-top-column elementor-element elementor-element-3bc9f9b\" data-id=\"3bc9f9b\" data-element_type=\"column\" data-e-type=\"column\">\n\t\t\t<div class=\"elementor-widget-wrap elementor-element-populated\">\n\t\t\t\t\t\t<div class=\"elementor-element elementor-element-b791eca elementor-widget elementor-widget-text-editor\" data-id=\"b791eca\" data-element_type=\"widget\" data-e-type=\"widget\" data-widget_type=\"text-editor.default\">\n\t\t\t\t<div class=\"elementor-widget-container\">\n\t\t\t\t\t\t\t\t\t<p>La BCU \u00e8 dotata di un&#8217;interfaccia di gestione avanzata e intuitiva, sviluppata per essere aperta direttamente sul browser. Per accedervi, basta collegare la BCU ad un PC o ad un dispositivo mobile (non fornito) usando un cavo Ethernet o il WiFi e connettendosi all&#8217;URL dell&#8217;unit\u00e0.<\/p><p>Quest&#8217;interfaccia permette di:<\/p><ul><li>monitorare i parametri principali come velocit\u00e0, coppia e potenza<\/li><li>monitorare lo stato del freno (temperature, pressioni, vibrazioni, ecc.)<\/li><li>definire la modalit\u00e0 di funzionamento del freno<\/li><li>regolare i parametri di gestione del freno<\/li><li>calibrare le celle di carico<\/li><\/ul><p>\u00c8 inoltre possibile salvare le impostazioni nella memoria interna della BCU per riutilizzarle in seguito.<\/p>\t\t\t\t\t\t\t\t<\/div>\n\t\t\t\t<\/div>\n\t\t\t\t\t<\/div>\n\t\t<\/div>\n\t\t\t\t\t<\/div>\n\t\t<\/section>\n\t\t\t\t<\/div>\n\t\t","protected":false},"excerpt":{"rendered":"<p>Prodotti Brake Control Unit La Brake Control Unit (BCU) permette di gestire vari tipi di dinamometri grazie agli algoritmi di controllo parametrizzati, in grado di comandare gli attuatori di ogni architettura specifica. Tutti i parametri relativi al controllo e alla gestione delle sicurezze del dinamometro sono facilmente accessibili (con vari livelli di permessi) tramite l\u2019interfaccia&#8230;<\/p>\n","protected":false},"author":1,"featured_media":0,"parent":0,"menu_order":0,"comment_status":"closed","ping_status":"closed","template":"quadron-elementor-page.php","meta":{"_acf_changed":false,"footnotes":""},"class_list":{"0":"post-2968","1":"page","2":"type-page","3":"status-publish","4":"hentry","5":"nt-post-class","6":"","8":"nt-default-format-box","9":"post-box-type-default"},"acf":[],"_links":{"self":[{"href":"https:\/\/www.borghisaveri.it\/it\/wp-json\/wp\/v2\/pages\/2968","targetHints":{"allow":["GET"]}}],"collection":[{"href":"https:\/\/www.borghisaveri.it\/it\/wp-json\/wp\/v2\/pages"}],"about":[{"href":"https:\/\/www.borghisaveri.it\/it\/wp-json\/wp\/v2\/types\/page"}],"author":[{"embeddable":true,"href":"https:\/\/www.borghisaveri.it\/it\/wp-json\/wp\/v2\/users\/1"}],"replies":[{"embeddable":true,"href":"https:\/\/www.borghisaveri.it\/it\/wp-json\/wp\/v2\/comments?post=2968"}],"version-history":[{"count":11,"href":"https:\/\/www.borghisaveri.it\/it\/wp-json\/wp\/v2\/pages\/2968\/revisions"}],"predecessor-version":[{"id":3592,"href":"https:\/\/www.borghisaveri.it\/it\/wp-json\/wp\/v2\/pages\/2968\/revisions\/3592"}],"wp:attachment":[{"href":"https:\/\/www.borghisaveri.it\/it\/wp-json\/wp\/v2\/media?parent=2968"}],"curies":[{"name":"wp","href":"https:\/\/api.w.org\/{rel}","templated":true}]}}