{"id":2953,"date":"2022-12-14T15:56:53","date_gmt":"2022-12-14T14:56:53","guid":{"rendered":"https:\/\/www.borghisaveri.it\/dinamometro-asincrono-di-tipo-fa\/"},"modified":"2024-02-20T17:06:42","modified_gmt":"2024-02-20T16:06:42","slug":"dinamometro-asincrono-tipo-fa","status":"publish","type":"page","link":"https:\/\/www.borghisaveri.it\/it\/dinamometri-attivi\/dinamometro-asincrono-tipo-fa\/","title":{"rendered":"Dinamometro asincrono tipo FA"},"content":{"rendered":"\t\t<div data-elementor-type=\"wp-page\" data-elementor-id=\"2953\" class=\"elementor elementor-2953 elementor-2261\" data-elementor-post-type=\"page\">\n\t\t\t\t\t\t<header class=\"elementor-section elementor-top-section elementor-element elementor-element-64b4640 elementor-section-stretched elementor-section-full_width elementor-section-height-default elementor-section-height-default section__indent-def section__outdent-def\" data-id=\"64b4640\" data-element_type=\"section\" data-e-type=\"section\" data-settings=\"{&quot;stretch_section&quot;:&quot;section-stretched&quot;}\">\n\t\t\t\t\t\t<div class=\"elementor-container elementor-column-gap-no\">\n\t\t\t\t\t<div class=\"elementor-column elementor-col-100 elementor-top-column elementor-element elementor-element-94af3b0\" data-id=\"94af3b0\" data-element_type=\"column\" data-e-type=\"column\">\n\t\t\t<div class=\"elementor-widget-wrap elementor-element-populated\">\n\t\t\t\t\t\t<div class=\"elementor-element elementor-element-33e471b elementor-widget elementor-widget-quadron-page-hero-section\" data-id=\"33e471b\" data-element_type=\"widget\" data-e-type=\"widget\" data-widget_type=\"quadron-page-hero-section.default\">\n\t\t\t\t<div class=\"elementor-widget-container\">\n\t\t\t\t\t<div class=\"section--no-padding section\"><div class=\"subpage-header\"><div class=\"subpage-header__bg\"><div class=\"container\"><div class=\"subpage-header__block\"><div class=\"subpage-header__caption\">Prodotti<\/div><h1 class=\"subpage-header__title\">Dinamometro asincrono tipo FA<\/h1><div class=\"subpage-header__line\"><\/div><\/div><\/div><\/div><\/div><\/div>\t\t\t\t<\/div>\n\t\t\t\t<\/div>\n\t\t\t\t\t<\/div>\n\t\t<\/div>\n\t\t\t\t\t<\/div>\n\t\t<\/header>\n\t\t\t\t<section class=\"elementor-section elementor-top-section elementor-element elementor-element-30f944a elementor-section-boxed elementor-section-height-default elementor-section-height-default section__indent-def section__outdent-def\" data-id=\"30f944a\" data-element_type=\"section\" data-e-type=\"section\" data-settings=\"{&quot;background_background&quot;:&quot;classic&quot;}\">\n\t\t\t\t\t\t<div class=\"elementor-container elementor-column-gap-default\">\n\t\t\t\t\t<div class=\"elementor-column elementor-col-50 elementor-top-column elementor-element elementor-element-0f34227\" data-id=\"0f34227\" data-element_type=\"column\" data-e-type=\"column\">\n\t\t\t<div class=\"elementor-widget-wrap elementor-element-populated\">\n\t\t\t\t\t\t<div class=\"elementor-element elementor-element-49db62a elementor-widget elementor-widget-text-editor\" data-id=\"49db62a\" data-element_type=\"widget\" data-e-type=\"widget\" data-widget_type=\"text-editor.default\">\n\t\t\t\t<div class=\"elementor-widget-container\">\n\t\t\t\t\t\t\t\t\t<p>I dinamometri della serie FA sono costituiti da un motore elettrico asincrono trifase. Possono svolgere prove di vario genere, dalle pi\u00f9 semplici e statiche alle pi\u00f9 sofisticate ad alta dinamica (simulazione dei giri di pista, prove di durata e cicli di emissione). Il dinamometro pu\u00f2 essere utilizzato per applicazioni automotive, aeronautiche, gruppi propulsori ibridi ed elettrici, scatole cambio, sistemi idraulici, trasmissioni, motori elettrici.<\/p><p>Il telaio che alloggia il dinamometro e la base sismica \u00e8 in acciaio elettrosaldato.<\/p><p>La gestione del dinamometro \u00e8 normalmente svolta dalla nostra <a href=\"https:\/\/www.borghisaveri.it\/it\/brake-control-unit\/\">BCU<\/a> (Brake Control Unit).<\/p><p>Principali vantaggi:<\/p><ul><li>accuratezza indicazione numero di giri: \u00b1 1 giro<\/li><li>accuratezza indicazione della coppia: 0,05% sul fondo scala<\/li><li><span style=\"color: var( --e-global-color-text ); font-family: var( --e-global-typography-text-font-family ), Sans-serif; font-weight: var( --e-global-typography-text-font-weight ); background-color: var( --e-global-color-f2b5826 );\">senso di rotazione dell&#8217;asse del freno: reversibile<\/span><\/li><\/ul>\t\t\t\t\t\t\t\t<\/div>\n\t\t\t\t<\/div>\n\t\t\t\t<div class=\"elementor-element elementor-element-f24f73b elementor-align-left elementor-widget elementor-widget-button\" data-id=\"f24f73b\" data-element_type=\"widget\" data-e-type=\"widget\" data-widget_type=\"button.default\">\n\t\t\t\t<div class=\"elementor-widget-container\">\n\t\t\t\t\t\t\t\t\t<div class=\"elementor-button-wrapper\">\n\t\t\t\t\t<a class=\"elementor-button elementor-button-link elementor-size-sm\" href=\"https:\/\/www.borghisaveri.it\/contacts\/\">\n\t\t\t\t\t\t<span class=\"elementor-button-content-wrapper\">\n\t\t\t\t\t\t\t\t\t<span class=\"elementor-button-text\">RICHIEDI INFO<\/span>\n\t\t\t\t\t<\/span>\n\t\t\t\t\t<\/a>\n\t\t\t\t<\/div>\n\t\t\t\t\t\t\t\t<\/div>\n\t\t\t\t<\/div>\n\t\t\t\t\t<\/div>\n\t\t<\/div>\n\t\t\t\t<div class=\"elementor-column elementor-col-50 elementor-top-column elementor-element elementor-element-723ed27\" data-id=\"723ed27\" data-element_type=\"column\" data-e-type=\"column\">\n\t\t\t<div class=\"elementor-widget-wrap elementor-element-populated\">\n\t\t\t\t\t\t<div class=\"elementor-element elementor-element-f980900 elementor-widget__width-auto elementor-widget elementor-widget-text-editor\" data-id=\"f980900\" data-element_type=\"widget\" data-e-type=\"widget\" data-widget_type=\"text-editor.default\">\n\t\t\t\t<div class=\"elementor-widget-container\">\n\t\t\t\t\t\t\t\t\t<strong style=\"font-size: 26px;\">PLUS<\/strong><br \/>\nAlta velocit\u00e0<br \/>\nAlta capacit\u00e0 di sovraccarico<br \/>\nAmpio intervallo di potenza e coppia disponibile\n\t\t\t\t\t\t\t\t<\/div>\n\t\t\t\t<\/div>\n\t\t\t\t<section class=\"elementor-section elementor-inner-section elementor-element elementor-element-ff817ef elementor-section-content-bottom elementor-section-boxed elementor-section-height-default elementor-section-height-default section__indent-def section__outdent-def\" data-id=\"ff817ef\" data-element_type=\"section\" data-e-type=\"section\">\n\t\t\t\t\t\t<div class=\"elementor-container elementor-column-gap-default\">\n\t\t\t\t\t<div class=\"elementor-column elementor-col-50 elementor-inner-column elementor-element elementor-element-847a1ff\" data-id=\"847a1ff\" data-element_type=\"column\" data-e-type=\"column\">\n\t\t\t<div class=\"elementor-widget-wrap elementor-element-populated\">\n\t\t\t\t\t\t<div class=\"elementor-element elementor-element-61c24e2 elementor-widget elementor-widget-image\" data-id=\"61c24e2\" data-element_type=\"widget\" data-e-type=\"widget\" data-widget_type=\"image.default\">\n\t\t\t\t<div class=\"elementor-widget-container\">\n\t\t\t\t\t\t\t\t\t\t\t\t\t\t\t<img fetchpriority=\"high\" decoding=\"async\" width=\"768\" height=\"634\" src=\"https:\/\/www.borghisaveri.it\/wp-content\/uploads\/2022\/12\/FA75-768x634.jpg\" class=\"attachment-medium_large size-medium_large wp-image-2811\" alt=\"\" srcset=\"https:\/\/www.borghisaveri.it\/wp-content\/uploads\/2022\/12\/FA75-768x634.jpg 768w, https:\/\/www.borghisaveri.it\/wp-content\/uploads\/2022\/12\/FA75-300x248.jpg 300w, https:\/\/www.borghisaveri.it\/wp-content\/uploads\/2022\/12\/FA75-600x495.jpg 600w, https:\/\/www.borghisaveri.it\/wp-content\/uploads\/2022\/12\/FA75.jpg 1000w\" sizes=\"(max-width: 768px) 100vw, 768px\" \/>\t\t\t\t\t\t\t\t\t\t\t\t\t\t\t<\/div>\n\t\t\t\t<\/div>\n\t\t\t\t<div class=\"elementor-element elementor-element-6ac230d elementor-align-center elementor-widget elementor-widget-button\" data-id=\"6ac230d\" data-element_type=\"widget\" data-e-type=\"widget\" data-widget_type=\"button.default\">\n\t\t\t\t<div class=\"elementor-widget-container\">\n\t\t\t\t\t\t\t\t\t<div class=\"elementor-button-wrapper\">\n\t\t\t\t\t<a class=\"elementor-button elementor-button-link elementor-size-sm\" href=\"https:\/\/www.borghisaveri.it\/wp-content\/uploads\/2024\/02\/FA75-ITA.pdf\">\n\t\t\t\t\t\t<span class=\"elementor-button-content-wrapper\">\n\t\t\t\t\t\t\t\t\t<span class=\"elementor-button-text\">SCARICA LA BROCHURE DI FA75<\/span>\n\t\t\t\t\t<\/span>\n\t\t\t\t\t<\/a>\n\t\t\t\t<\/div>\n\t\t\t\t\t\t\t\t<\/div>\n\t\t\t\t<\/div>\n\t\t\t\t\t<\/div>\n\t\t<\/div>\n\t\t\t\t<div class=\"elementor-column elementor-col-50 elementor-inner-column elementor-element elementor-element-f9243d5\" data-id=\"f9243d5\" data-element_type=\"column\" data-e-type=\"column\">\n\t\t\t<div class=\"elementor-widget-wrap elementor-element-populated\">\n\t\t\t\t\t\t<div class=\"elementor-element elementor-element-3d76b60 elementor-widget elementor-widget-image\" data-id=\"3d76b60\" data-element_type=\"widget\" data-e-type=\"widget\" data-widget_type=\"image.default\">\n\t\t\t\t<div class=\"elementor-widget-container\">\n\t\t\t\t\t\t\t\t\t\t\t\t\t\t\t<img decoding=\"async\" width=\"768\" height=\"1024\" data-src=\"https:\/\/www.borghisaveri.it\/wp-content\/uploads\/2022\/12\/fa340-768x1024.jpg\" class=\"attachment-medium_large size-medium_large wp-image-2812 lazyload\" alt=\"\" data-srcset=\"https:\/\/www.borghisaveri.it\/wp-content\/uploads\/2022\/12\/fa340-768x1024.jpg 768w, https:\/\/www.borghisaveri.it\/wp-content\/uploads\/2022\/12\/fa340-225x300.jpg 225w, https:\/\/www.borghisaveri.it\/wp-content\/uploads\/2022\/12\/fa340-600x800.jpg 600w, https:\/\/www.borghisaveri.it\/wp-content\/uploads\/2022\/12\/fa340.jpg 800w\" data-sizes=\"(max-width: 768px) 100vw, 768px\" src=\"data:image\/svg+xml;base64,PHN2ZyB3aWR0aD0iMSIgaGVpZ2h0PSIxIiB4bWxucz0iaHR0cDovL3d3dy53My5vcmcvMjAwMC9zdmciPjwvc3ZnPg==\" style=\"--smush-placeholder-width: 768px; --smush-placeholder-aspect-ratio: 768\/1024;\" \/>\t\t\t\t\t\t\t\t\t\t\t\t\t\t\t<\/div>\n\t\t\t\t<\/div>\n\t\t\t\t<div class=\"elementor-element elementor-element-78e778e elementor-align-center elementor-widget elementor-widget-button\" data-id=\"78e778e\" data-element_type=\"widget\" data-e-type=\"widget\" data-widget_type=\"button.default\">\n\t\t\t\t<div class=\"elementor-widget-container\">\n\t\t\t\t\t\t\t\t\t<div class=\"elementor-button-wrapper\">\n\t\t\t\t\t<a class=\"elementor-button elementor-button-link elementor-size-sm\" href=\"https:\/\/www.borghisaveri.it\/wp-content\/uploads\/2024\/02\/FA250-ITA.pdf\">\n\t\t\t\t\t\t<span class=\"elementor-button-content-wrapper\">\n\t\t\t\t\t\t\t\t\t<span class=\"elementor-button-text\">SCARICA LA BROCHURE DI FA250<\/span>\n\t\t\t\t\t<\/span>\n\t\t\t\t\t<\/a>\n\t\t\t\t<\/div>\n\t\t\t\t\t\t\t\t<\/div>\n\t\t\t\t<\/div>\n\t\t\t\t\t<\/div>\n\t\t<\/div>\n\t\t\t\t\t<\/div>\n\t\t<\/section>\n\t\t\t\t\t<\/div>\n\t\t<\/div>\n\t\t\t\t\t<\/div>\n\t\t<\/section>\n\t\t\t\t<\/div>\n\t\t","protected":false},"excerpt":{"rendered":"<p>Prodotti Dinamometro asincrono tipo FA I dinamometri della serie FA sono costituiti da un motore elettrico asincrono trifase. Possono svolgere prove di vario genere, dalle pi\u00f9 semplici e statiche alle pi\u00f9 sofisticate ad alta dinamica (simulazione dei giri di pista, prove di durata e cicli di emissione). Il dinamometro pu\u00f2 essere utilizzato per applicazioni automotive,&#8230;<\/p>\n","protected":false},"author":1,"featured_media":0,"parent":2988,"menu_order":0,"comment_status":"closed","ping_status":"closed","template":"quadron-elementor-page.php","meta":{"_acf_changed":false,"footnotes":""},"class_list":{"0":"post-2953","1":"page","2":"type-page","3":"status-publish","4":"hentry","5":"nt-post-class","6":"","8":"nt-default-format-box","9":"post-box-type-default"},"acf":[],"_links":{"self":[{"href":"https:\/\/www.borghisaveri.it\/it\/wp-json\/wp\/v2\/pages\/2953","targetHints":{"allow":["GET"]}}],"collection":[{"href":"https:\/\/www.borghisaveri.it\/it\/wp-json\/wp\/v2\/pages"}],"about":[{"href":"https:\/\/www.borghisaveri.it\/it\/wp-json\/wp\/v2\/types\/page"}],"author":[{"embeddable":true,"href":"https:\/\/www.borghisaveri.it\/it\/wp-json\/wp\/v2\/users\/1"}],"replies":[{"embeddable":true,"href":"https:\/\/www.borghisaveri.it\/it\/wp-json\/wp\/v2\/comments?post=2953"}],"version-history":[{"count":0,"href":"https:\/\/www.borghisaveri.it\/it\/wp-json\/wp\/v2\/pages\/2953\/revisions"}],"up":[{"embeddable":true,"href":"https:\/\/www.borghisaveri.it\/it\/wp-json\/wp\/v2\/pages\/2988"}],"wp:attachment":[{"href":"https:\/\/www.borghisaveri.it\/it\/wp-json\/wp\/v2\/media?parent=2953"}],"curies":[{"name":"wp","href":"https:\/\/api.w.org\/{rel}","templated":true}]}}